{"id":186,"date":"2020-12-06T11:30:35","date_gmt":"2020-12-06T11:30:35","guid":{"rendered":"https:\/\/www.zieserl.com\/?page_id=186"},"modified":"2022-04-14T15:54:58","modified_gmt":"2022-04-14T15:54:58","slug":"meine-produkte","status":"publish","type":"page","link":"https:\/\/www.zieserl.com\/?page_id=186","title":{"rendered":"Meine Produkte"},"content":{"rendered":"<ul>\n<li><a href=\"https:\/\/www.zieserl.com\/?p=162\">Auszugs\u00f6le<\/a><\/li>\n<li><a href=\"https:\/\/www.zieserl.com\/?p=165\">Balsam<\/a><\/li>\n<li><a href=\"https:\/\/www.zieserl.com\/?p=59\">B\u00e4uerliche Keramik<\/a><\/li>\n<li><a href=\"https:\/\/www.zieserl.com\/?p=156\">Fruchtaufstriche<\/a><\/li>\n<li><a href=\"https:\/\/www.zieserl.com\/?p=145\">Gew\u00fcrze<\/a><\/li>\n<li><a href=\"https:\/\/www.zieserl.com\/?p=147\">Gew\u00fcrzmischungen<\/a><\/li>\n<li><a href=\"https:\/\/www.zieserl.com\/?p=150\">Kr\u00e4utertees<\/a><\/li>\n<li><a href=\"https:\/\/www.zieserl.com\/?p=50\">Lavendel Duftsackerl<\/a><\/li>\n<li><a href=\"https:\/\/www.zieserl.com\/?p=55\">Lik\u00f6re<\/a><\/li>\n<li><a href=\"https:\/\/www.zieserl.com\/?p=57\">Schn\u00e4pse<\/a><\/li>\n<li><a href=\"https:\/\/www.zieserl.com\/?p=153\">Sirupe und S\u00e4fte<\/a><\/li>\n<li><a href=\"https:\/\/www.zieserl.com\/?p=167\">Tinkturen<\/a><\/li>\n<\/ul>\n<p>Allgemeine Gesch\u00e4ftsbedingungen f\u00fcr den Versand meiner Produkte<\/p>\n<p>Die angegebenen Preise verstehen zuz\u00fcglich Versandkosten. Erstbestellung nur gegen Vorauskasse, Nachbestellungen sind auch gegen Nachnahme (Geb\u00fchren tr\u00e4gt dabei der Empf\u00e4nger) m\u00f6glich. Nach Erhalt Ihrer Bestellung senden wir Ihnen die Rechnung per Fax oder Post zu. Sobald der Betrag auf unserem Konto gutgeschrieben ist, versenden wir Ihre Ware.<\/p>\n<p>Selbstverst\u00e4ndlich haben Private ein R\u00fccktrittsrecht nach dem Konsumentenschutzgesetz.<\/p>\n","protected":false},"excerpt":{"rendered":"<p>Auszugs\u00f6le Balsam B\u00e4uerliche Keramik Fruchtaufstriche Gew\u00fcrze Gew\u00fcrzmischungen Kr\u00e4utertees Lavendel Duftsackerl Lik\u00f6re Schn\u00e4pse Sirupe und S\u00e4fte Tinkturen Allgemeine Gesch\u00e4ftsbedingungen f\u00fcr den Versand meiner Produkte Die angegebenen Preise verstehen zuz\u00fcglich Versandkosten. Erstbestellung nur gegen Vorauskasse, Nachbestellungen sind auch gegen Nachnahme (Geb\u00fchren tr\u00e4gt dabei der Empf\u00e4nger) m\u00f6glich. Nach Erhalt Ihrer Bestellung senden wir Ihnen die Rechnung per Fax&hellip;<\/p>\n","protected":false},"author":1,"featured_media":6,"parent":0,"menu_order":0,"comment_status":"closed","ping_status":"closed","template":"templates\/template-full-width.php","meta":[],"_links":{"self":[{"href":"https:\/\/www.zieserl.com\/index.php?rest_route=\/wp\/v2\/pages\/186"}],"collection":[{"href":"https:\/\/www.zieserl.com\/index.php?rest_route=\/wp\/v2\/pages"}],"about":[{"href":"https:\/\/www.zieserl.com\/index.php?rest_route=\/wp\/v2\/types\/page"}],"author":[{"embeddable":true,"href":"https:\/\/www.zieserl.com\/index.php?rest_route=\/wp\/v2\/users\/1"}],"replies":[{"embeddable":true,"href":"https:\/\/www.zieserl.com\/index.php?rest_route=%2Fwp%2Fv2%2Fcomments&post=186"}],"version-history":[{"count":14,"href":"https:\/\/www.zieserl.com\/index.php?rest_route=\/wp\/v2\/pages\/186\/revisions"}],"predecessor-version":[{"id":287,"href":"https:\/\/www.zieserl.com\/index.php?rest_route=\/wp\/v2\/pages\/186\/revisions\/287"}],"wp:featuredmedia":[{"embeddable":true,"href":"https:\/\/www.zieserl.com\/index.php?rest_route=\/wp\/v2\/media\/6"}],"wp:attachment":[{"href":"https:\/\/www.zieserl.com\/index.php?rest_route=%2Fwp%2Fv2%2Fmedia&parent=186"}],"curies":[{"name":"wp","href":"https:\/\/api.w.org\/{rel}","templated":true}]}}